{"id":235,"date":"2016-04-19T21:14:55","date_gmt":"2016-04-19T21:14:55","guid":{"rendered":"http:\/\/www.agromar.net\/es\/?page_id=235"},"modified":"2016-05-04T17:48:37","modified_gmt":"2016-05-04T17:48:37","slug":"nueces","status":"publish","type":"page","link":"https:\/\/www.agromar.net\/es\/nueces\/","title":{"rendered":"Nueces"},"content":{"rendered":"\n\n<div class=\"clearboth\"><\/div>\n\t<\/div> \t\t<\/div> \t\t\t<\/div> \n\n\t\t\t\t\n<div class=\"mk-page-section-wrapper\">\n    <div id=\"page-section-1\" class=\"mk-page-section self-hosted  full-width-1 js-el js-master-row   \"   data-intro-effect=\"false\">\n\n            \n            \n\n\n\n<div class=\"mk-video-color-mask\"><\/div>\n\n            \n                        \n            \n        <div class=\"page-section-content vc_row-fluid mk-grid\">\n            <div class=\"mk-padding-wrapper\">\n<div style=\"\" class=\"vc_col-sm-12 wpb_column column_container  _ height-full\">\n\t<h2 style=\"text-align: left;font-family:Lato;font-weight:400;font-style:normal\" class=\"vc_custom_heading\">NUECES<\/h2><div id=\"divider-2\" class=\"mk-divider  divider_full_width center thick_solid \">\n\n\t\t\t<div class=\"divider-inner\"><\/div>\n\t\n<\/div>\n<div class=\"clearboth\"><\/div><\/div>\n<\/div>\n            <div class=\"clearboth\"><\/div>\n        <\/div>\n\n\n            \n            \n            \n        <div class=\"clearboth\"><\/div>\n    <\/div>\n<\/div>\n\n<div class=\"mk-main-wrapper-holder\">\n\t<div class=\"theme-page-wrapper no-padding full-layout mk-grid vc_row-fluid\">\n\t\t<div class=\"theme-content no-padding\">\n\n\t\t\t\n\n\n<div class=\"clearboth\"><\/div>\n\t<\/div> \t\t<\/div> \t\t\t<\/div> \n\n\t\t\t\t\n<div class=\"mk-page-section-wrapper\">\n    <div id=\"page-section-3\" class=\"mk-page-section self-hosted  full-width-3 js-el js-master-row   \"   data-intro-effect=\"false\">\n\n            \n            \n\n\n\n<div class=\"mk-video-color-mask\"><\/div>\n\n            \n                        \n            \n        <div class=\"page-section-content vc_row-fluid mk-grid\">\n            <div class=\"mk-padding-wrapper\">\n<div style=\"\" class=\"vc_col-sm-8 wpb_column column_container  _ height-full\">\n\t\n<div id=\"text-block-4\" class=\"mk-text-block   \">\n\n\t\n\t<p style=\"text-align: justify;\">Contamos con producci\u00f3n propia ubicada en la zona centro-sur de Chile, comuna de Longav\u00ed, provincia de Linares, VII regi\u00f3n. En la actualidad nuestra empresa cuenta con m\u00e1s de 100 hect\u00e1reas de nogales, en expansi\u00f3n.<\/p>\n\n\t<div class=\"clearboth\"><\/div>\n<\/div>\n<div class=\"vc_empty_space\"  style=\"height: 32px\" ><span\n\t\tclass=\"vc_empty_space_inner\"><\/span><\/div>\n\n\n<div class=\"wpb_row vc_inner vc_row    attched-false   vc_row-fluid\">\n\t\t\n\t\t<div class=\"wpb_column vc_column_container vc_col-sm-3\"><div class=\"wpb_wrapper\"><div class=\"mk-image   align-center simple-frame inside-image \" style=\"margin-bottom:10px\"><div class=\"mk-image-inner \" style=\"max-width: px;\"><img class=\"lightbox-false\" alt=\"\" title=\"\" width=\"\" height=\"\" src=\"http:\/\/www.agromar.net\/es\/wp-content\/uploads\/2016\/04\/PRODD.jpg\" \/><\/div><div class=\"clearboth\"><\/div><\/div><h2 style=\"font-size: 13px;text-align: center;font-family:Lato;font-weight:400;font-style:normal\" class=\"vc_custom_heading vc_custom_1461100755242\">PRODUCCI\u00d3N<\/h2>\n<div id=\"text-block-5\" class=\"mk-text-block   \">\n\n\t\n\t<p style=\"text-align: center;\">Abril a Mayo<\/p>\n\n\t<div class=\"clearboth\"><\/div>\n<\/div>\n<\/div><\/div><div class=\"wpb_column vc_column_container vc_col-sm-3\"><div class=\"wpb_wrapper\"><div class=\"mk-image   align-center simple-frame inside-image \" style=\"margin-bottom:10px\"><div class=\"mk-image-inner \" style=\"max-width: px;\"><img class=\"lightbox-false\" alt=\"\" title=\"\" width=\"\" height=\"\" src=\"http:\/\/www.agromar.net\/es\/wp-content\/uploads\/2016\/04\/ICPACK.jpg\" \/><\/div><div class=\"clearboth\"><\/div><\/div><h2 style=\"font-size: 13px;text-align: center;font-family:Lato;font-weight:400;font-style:normal\" class=\"vc_custom_heading vc_custom_1461100796261\">VOLUMEN ANUAL<\/h2>\n<div id=\"text-block-6\" class=\"mk-text-block   \">\n\n\t\n\t<p style=\"text-align: center;\">1.000.000 kg<\/p>\n\n\t<div class=\"clearboth\"><\/div>\n<\/div>\n<\/div><\/div><div class=\"wpb_column vc_column_container vc_col-sm-3\"><div class=\"wpb_wrapper\"><div class=\"mk-image   align-center simple-frame inside-image \" style=\"margin-bottom:10px\"><div class=\"mk-image-inner \" style=\"max-width: px;\"><img class=\"lightbox-false\" alt=\"\" title=\"\" width=\"\" height=\"\" src=\"http:\/\/www.agromar.net\/es\/wp-content\/uploads\/2016\/04\/ICCONT.jpg\" \/><\/div><div class=\"clearboth\"><\/div><\/div><h2 style=\"font-size: 13px;text-align: center;font-family:Lato;font-weight:400;font-style:normal\" class=\"vc_custom_heading vc_custom_1461100838694\">periodo de embarque<\/h2>\n<div id=\"text-block-7\" class=\"mk-text-block   \">\n\n\t\n\t<p style=\"text-align: center;\">Abril a Junio<\/p>\n\n\t<div class=\"clearboth\"><\/div>\n<\/div>\n<\/div><\/div><div class=\"wpb_column vc_column_container vc_col-sm-3\"><div class=\"wpb_wrapper\"><div class=\"mk-image   align-center simple-frame inside-image \" style=\"margin-bottom:10px\"><div class=\"mk-image-inner \" style=\"max-width: px;\"><img class=\"lightbox-false\" alt=\"\" title=\"\" width=\"\" height=\"\" src=\"http:\/\/www.agromar.net\/es\/wp-content\/uploads\/2016\/04\/NUTS.jpg\" \/><\/div><div class=\"clearboth\"><\/div><\/div><h2 style=\"font-size: 13px;text-align: center;font-family:Lato;font-weight:400;font-style:normal\" class=\"vc_custom_heading vc_custom_1461100983626\">variedad<\/h2>\n<div id=\"text-block-8\" class=\"mk-text-block   \">\n\n\t\n\t<p style=\"text-align: center;\">Chandler<\/p>\n\n\t<div class=\"clearboth\"><\/div>\n<\/div>\n<\/div><\/div>\t\t\n<\/div><\/div>\n\n<div style=\"\" class=\"vc_col-sm-4 wpb_column column_container  _ height-full\">\n\t<div class=\"mk-image   align-left simple-frame inside-image \" style=\"margin-bottom:10px\"><div class=\"mk-image-inner \" style=\"max-width: px;\"><img class=\"lightbox-false\" alt=\"\" title=\"\" width=\"\" height=\"\" src=\"http:\/\/www.agromar.net\/es\/wp-content\/uploads\/2016\/04\/nuecessd.jpg\" \/><\/div><div class=\"clearboth\"><\/div><\/div><\/div>\n<\/div>\n            <div class=\"clearboth\"><\/div>\n        <\/div>\n\n\n            \n            \n            \n        <div class=\"clearboth\"><\/div>\n    <\/div>\n<\/div>\n\n<div class=\"mk-main-wrapper-holder\">\n\t<div class=\"theme-page-wrapper no-padding full-layout mk-grid vc_row-fluid\">\n\t\t<div class=\"theme-content no-padding\">\n\n\t\t\t\n\n","protected":false},"excerpt":{"rendered":"NUECES Contamos con producci\u00f3n propia ubicada en la zona centro-sur de Chile, comuna de Longav\u00ed, provincia de Linares, VII regi\u00f3n. En la actualidad nuestra empresa cuenta con m\u00e1s de 100 hect\u00e1reas de nogales, en expansi\u00f3n. PRODUCCI\u00d3N Abril a Mayo VOLUMEN ANUAL 1.000.000 kg periodo de embarque Abril a Junio variedad Chandler","protected":false},"author":1,"featured_media":0,"parent":0,"menu_order":0,"comment_status":"closed","ping_status":"closed","template":"","meta":[],"_links":{"self":[{"href":"https:\/\/www.agromar.net\/es\/wp-json\/wp\/v2\/pages\/235"}],"collection":[{"href":"https:\/\/www.agromar.net\/es\/wp-json\/wp\/v2\/pages"}],"about":[{"href":"https:\/\/www.agromar.net\/es\/wp-json\/wp\/v2\/types\/page"}],"author":[{"embeddable":true,"href":"https:\/\/www.agromar.net\/es\/wp-json\/wp\/v2\/users\/1"}],"replies":[{"embeddable":true,"href":"https:\/\/www.agromar.net\/es\/wp-json\/wp\/v2\/comments?post=235"}],"version-history":[{"count":4,"href":"https:\/\/www.agromar.net\/es\/wp-json\/wp\/v2\/pages\/235\/revisions"}],"predecessor-version":[{"id":243,"href":"https:\/\/www.agromar.net\/es\/wp-json\/wp\/v2\/pages\/235\/revisions\/243"}],"wp:attachment":[{"href":"https:\/\/www.agromar.net\/es\/wp-json\/wp\/v2\/media?parent=235"}],"curies":[{"name":"wp","href":"https:\/\/api.w.org\/{rel}","templated":true}]}}