{"id":121,"date":"2016-04-19T18:49:59","date_gmt":"2016-04-19T18:49:59","guid":{"rendered":"http:\/\/www.agromar.net\/es\/?page_id=121"},"modified":"2016-04-29T19:11:04","modified_gmt":"2016-04-29T19:11:04","slug":"pasas","status":"publish","type":"page","link":"https:\/\/www.agromar.net\/es\/pasas\/","title":{"rendered":"pasas"},"content":{"rendered":"\n\n<div class=\"clearboth\"><\/div>\n\t<\/div> \t\t<\/div> \t\t\t<\/div> \n\n\t\t\t\t\n<div class=\"mk-page-section-wrapper\">\n    <div id=\"page-section-1\" class=\"mk-page-section self-hosted  full-width-1 js-el js-master-row   \"   data-intro-effect=\"false\">\n\n            \n            \n\n\n\n<div class=\"mk-video-color-mask\"><\/div>\n\n            \n                        \n            \n        <div class=\"page-section-content vc_row-fluid mk-grid\">\n            <div class=\"mk-padding-wrapper\">\n<div style=\"\" class=\"vc_col-sm-12 wpb_column column_container  _ height-full\">\n\t<h2 style=\"text-align: left;font-family:Lato;font-weight:400;font-style:normal\" class=\"vc_custom_heading\">PASAS<\/h2><div id=\"divider-2\" class=\"mk-divider  divider_full_width center thick_solid \">\n\n\t\t\t<div class=\"divider-inner\"><\/div>\n\t\n<\/div>\n<div class=\"clearboth\"><\/div><\/div>\n<\/div>\n            <div class=\"clearboth\"><\/div>\n        <\/div>\n\n\n            \n            \n            \n        <div class=\"clearboth\"><\/div>\n    <\/div>\n<\/div>\n\n<div class=\"mk-main-wrapper-holder\">\n\t<div class=\"theme-page-wrapper no-padding full-layout mk-grid vc_row-fluid\">\n\t\t<div class=\"theme-content no-padding\">\n\n\t\t\t\n\n\n<div class=\"clearboth\"><\/div>\n\t<\/div> \t\t<\/div> \t\t\t<\/div> \n\n\t\t\t\t\n<div class=\"mk-page-section-wrapper\">\n    <div id=\"page-section-3\" class=\"mk-page-section self-hosted  full-width-3 js-el js-master-row   \"   data-intro-effect=\"false\">\n\n            \n            \n\n\n\n<div class=\"mk-video-color-mask\"><\/div>\n\n            \n                        \n            \n        <div class=\"page-section-content vc_row-fluid mk-grid\">\n            <div class=\"mk-padding-wrapper\">\n<div style=\"\" class=\"vc_col-sm-6 wpb_column column_container  _ height-full\">\n\t<p style=\"font-size: 17px;text-align: justify\" class=\"vc_custom_heading\">Contamos con una l\u00ednea de proceso 100% de acero inoxidable, fabricada en california. Durante el proceso la fruta pasa a trav\u00e9s de un l\u00e1ser, rayos X y detector de metales.<\/p><\/div>\n\n<div style=\"\" class=\"vc_col-sm-6 wpb_column column_container  _ height-full\">\n\t\n\n<div class=\"wpb_row vc_inner vc_row    attched-false   vc_row-fluid\">\n\t\t\n\t\t<div class=\"wpb_column vc_column_container vc_col-sm-4\"><div class=\"wpb_wrapper\"><div class=\"mk-image   align-center simple-frame inside-image \" style=\"margin-bottom:10px\"><div class=\"mk-image-inner \" style=\"max-width: px;\"><img class=\"lightbox-false\" alt=\"\" title=\"\" width=\"\" height=\"\" src=\"http:\/\/www.agromar.net\/es\/wp-content\/uploads\/2016\/04\/ICF.jpg\" \/><\/div><div class=\"clearboth\"><\/div><\/div><h2 style=\"font-size: 13px;text-align: center;font-family:Lato;font-weight:400;font-style:normal\" class=\"vc_custom_heading vc_custom_1461091571622\">producci\u00f3n<\/h2>\n<div id=\"text-block-4\" class=\"mk-text-block   \">\n\n\t\n\t<p style=\"text-align: center;\">Enero a \u00a0Mayo<\/p>\n\n\t<div class=\"clearboth\"><\/div>\n<\/div>\n<\/div><\/div><div class=\"wpb_column vc_column_container vc_col-sm-4\"><div class=\"wpb_wrapper\"><div class=\"mk-image   align-center simple-frame inside-image \" style=\"margin-bottom:10px\"><div class=\"mk-image-inner \" style=\"max-width: px;\"><img class=\"lightbox-false\" alt=\"\" title=\"\" width=\"\" height=\"\" src=\"http:\/\/www.agromar.net\/es\/wp-content\/uploads\/2016\/04\/ICPACK.jpg\" \/><\/div><div class=\"clearboth\"><\/div><\/div><h2 style=\"font-size: 13px;text-align: center;font-family:Lato;font-weight:400;font-style:normal\" class=\"vc_custom_heading vc_custom_1461091558819\">volumen anual<\/h2>\n<div id=\"text-block-5\" class=\"mk-text-block   \">\n\n\t\n\t<p style=\"text-align: center;\">3.000.000 kg.<\/p>\n\n\t<div class=\"clearboth\"><\/div>\n<\/div>\n<\/div><\/div><div class=\"wpb_column vc_column_container vc_col-sm-4\"><div class=\"wpb_wrapper\"><div class=\"mk-image   align-center simple-frame inside-image \" style=\"margin-bottom:10px\"><div class=\"mk-image-inner \" style=\"max-width: px;\"><img class=\"lightbox-false\" alt=\"\" title=\"\" width=\"\" height=\"\" src=\"http:\/\/www.agromar.net\/es\/wp-content\/uploads\/2016\/04\/ICCONT.jpg\" \/><\/div><div class=\"clearboth\"><\/div><\/div><h2 style=\"font-size: 13px;text-align: center;font-family:Lato;font-weight:400;font-style:normal\" class=\"vc_custom_heading vc_custom_1461091585531\">periodo de embarque<\/h2>\n<div id=\"text-block-6\" class=\"mk-text-block   \">\n\n\t\n\t<p style=\"text-align: center;\">Marzo a Diciembre<\/p>\n\n\t<div class=\"clearboth\"><\/div>\n<\/div>\n<\/div><\/div>\t\t\n<\/div><\/div>\n<\/div>\n            <div class=\"clearboth\"><\/div>\n        <\/div>\n\n\n            \n            \n            \n        <div class=\"clearboth\"><\/div>\n    <\/div>\n<\/div>\n\n<div class=\"mk-main-wrapper-holder\">\n\t<div class=\"theme-page-wrapper no-padding full-layout mk-grid vc_row-fluid\">\n\t\t<div class=\"theme-content no-padding\">\n\n\t\t\t\n\n\n<div class=\"clearboth\"><\/div>\n\t<\/div> \t\t<\/div> \t\t\t<\/div> \n\n\t\t\t\t\n<div class=\"mk-page-section-wrapper\">\n    <div id=\"page-section-7\" class=\"mk-page-section self-hosted  full-width-7 js-el js-master-row   \"   data-intro-effect=\"false\">\n\n            \n            \n\n\n\n<div class=\"mk-video-color-mask\"><\/div>\n\n            \n                        \n            \n        <div class=\"page-section-content vc_row-fluid mk-grid\">\n            <div class=\"mk-padding-wrapper\">\n<div style=\"\" class=\"vc_col-sm-3 wpb_column column_container  _ height-full\">\n\t<div class=\"mk-image   align-left simple-frame inside-image \" style=\"margin-bottom:10px\"><div class=\"mk-image-inner \" style=\"max-width: px;\"><a href=\"http:\/\/www.agromar.net\/es\/pasas-flame\/\" target=\"_self\" class=\"mk-image-link\"><img class=\"lightbox-false\" alt=\"\" title=\"\" width=\"\" height=\"\" src=\"http:\/\/www.agromar.net\/es\/wp-content\/uploads\/2016\/04\/flame2.jpg\" \/><\/a><\/div><div class=\"clearboth\"><\/div><\/div><h2 style=\"font-size: 14px;text-align: center\" class=\"vc_custom_heading\"><a href=\"http:\/\/www.agromar.net\/web2\/pasas-flame\/\">FLAME<br \/>\nJUMBO-MEDIANA<\/a><\/h2><\/div>\n\n<div style=\"\" class=\"vc_col-sm-3 wpb_column column_container  _ height-full\">\n\t<div class=\"mk-image   align-left simple-frame inside-image \" style=\"margin-bottom:10px\"><div class=\"mk-image-inner \" style=\"max-width: px;\"><a href=\"http:\/\/www.agromar.net\/es\/pasas-thompson\" target=\"_self\" class=\"mk-image-link\"><img class=\"lightbox-false\" alt=\"\" title=\"\" width=\"\" height=\"\" src=\"http:\/\/www.agromar.net\/es\/wp-content\/uploads\/2016\/04\/thompson2.jpg\" \/><\/a><\/div><div class=\"clearboth\"><\/div><\/div><h2 style=\"font-size: 14px;text-align: center\" class=\"vc_custom_heading\"><a href=\"http:\/\/www.agromar.net\/web2\/pasas-thompson\">THOMPSON<br \/>\nJUMBO-MEDIANA<\/a><\/h2><\/div>\n\n<div style=\"\" class=\"vc_col-sm-3 wpb_column column_container  _ height-full\">\n\t<div class=\"mk-image   align-left simple-frame inside-image \" style=\"margin-bottom:10px\"><div class=\"mk-image-inner \" style=\"max-width: px;\"><a href=\"http:\/\/www.agromar.net\/es\/pasas-golden\" target=\"_self\" class=\"mk-image-link\"><img class=\"lightbox-false\" alt=\"\" title=\"\" width=\"\" height=\"\" src=\"http:\/\/www.agromar.net\/es\/wp-content\/uploads\/2016\/04\/golden2.jpg\" \/><\/a><\/div><div class=\"clearboth\"><\/div><\/div><h2 style=\"font-size: 14px;text-align: center\" class=\"vc_custom_heading\"><a href=\"http:\/\/www.agromar.net\/web2\/pasas-golden\">GOLDEN<br \/>\nJUMBO-MEDIANA<\/a><\/h2><\/div>\n\n<div style=\"\" class=\"vc_col-sm-3 wpb_column column_container  _ height-full\">\n\t<div class=\"mk-image   align-left simple-frame inside-image \" style=\"margin-bottom:10px\"><div class=\"mk-image-inner \" style=\"max-width: px;\"><a href=\"http:\/\/www.agromar.net\/es\/pasas-crimson\" target=\"_self\" class=\"mk-image-link\"><img class=\"lightbox-false\" alt=\"\" title=\"\" width=\"\" height=\"\" src=\"http:\/\/www.agromar.net\/es\/wp-content\/uploads\/2016\/04\/crimson2.jpg\" \/><\/a><\/div><div class=\"clearboth\"><\/div><\/div><h2 style=\"font-size: 14px;text-align: center\" class=\"vc_custom_heading\"><a href=\"http:\/\/www.agromar.net\/web2\/pasas-crimson\">CRIMSON<br \/>\nJUMBO-MEDIANA<\/a><\/h2><\/div>\n<\/div>\n            <div class=\"clearboth\"><\/div>\n        <\/div>\n\n\n            \n            \n            \n        <div class=\"clearboth\"><\/div>\n    <\/div>\n<\/div>\n\n<div class=\"mk-main-wrapper-holder\">\n\t<div class=\"theme-page-wrapper no-padding full-layout mk-grid vc_row-fluid\">\n\t\t<div class=\"theme-content no-padding\">\n\n\t\t\t\n\n","protected":false},"excerpt":{"rendered":"PASAS Contamos con una l\u00ednea de proceso 100% de acero inoxidable, fabricada en california. Durante el proceso la fruta pasa a trav\u00e9s de un l\u00e1ser, rayos X y detector de metales. producci\u00f3n Enero a \u00a0Mayo volumen anual 3.000.000 kg. periodo de embarque Marzo a Diciembre FLAME JUMBO-MEDIANA THOMPSON JUMBO-MEDIANA GOLDEN JUMBO-MEDIANA CRIMSON JUMBO-MEDIANA","protected":false},"author":1,"featured_media":0,"parent":0,"menu_order":0,"comment_status":"closed","ping_status":"closed","template":"","meta":[],"_links":{"self":[{"href":"https:\/\/www.agromar.net\/es\/wp-json\/wp\/v2\/pages\/121"}],"collection":[{"href":"https:\/\/www.agromar.net\/es\/wp-json\/wp\/v2\/pages"}],"about":[{"href":"https:\/\/www.agromar.net\/es\/wp-json\/wp\/v2\/types\/page"}],"author":[{"embeddable":true,"href":"https:\/\/www.agromar.net\/es\/wp-json\/wp\/v2\/users\/1"}],"replies":[{"embeddable":true,"href":"https:\/\/www.agromar.net\/es\/wp-json\/wp\/v2\/comments?post=121"}],"version-history":[{"count":50,"href":"https:\/\/www.agromar.net\/es\/wp-json\/wp\/v2\/pages\/121\/revisions"}],"predecessor-version":[{"id":316,"href":"https:\/\/www.agromar.net\/es\/wp-json\/wp\/v2\/pages\/121\/revisions\/316"}],"wp:attachment":[{"href":"https:\/\/www.agromar.net\/es\/wp-json\/wp\/v2\/media?parent=121"}],"curies":[{"name":"wp","href":"https:\/\/api.w.org\/{rel}","templated":true}]}}