{"id":10,"date":"2016-04-06T16:32:36","date_gmt":"2016-04-06T16:32:36","guid":{"rendered":"http:\/\/www.agromar.net\/es\/?page_id=10"},"modified":"2021-10-05T03:42:12","modified_gmt":"2021-10-05T03:42:12","slug":"contacto","status":"publish","type":"page","link":"https:\/\/www.agromar.net\/es\/contacto\/","title":{"rendered":"contacto"},"content":{"rendered":"\n\n<div class=\"clearboth\"><\/div>\n\t<\/div> \t\t<\/div> \t\t\t<\/div> \n\n\t\t\t\t\n<div class=\"mk-page-section-wrapper\">\n    <div id=\"page-section-1\" class=\"mk-page-section self-hosted  full-width-1 js-el js-master-row   \"   data-intro-effect=\"false\">\n\n            \n            \n\n\n\n<div class=\"mk-video-color-mask\"><\/div>\n\n            \n                        \n            \n        <div class=\"page-section-content vc_row-fluid mk-grid\">\n            <div class=\"mk-padding-wrapper\">\n<div style=\"\" class=\"vc_col-sm-6 wpb_column column_container  _ height-full\">\n\t<h2 style=\"font-size: 18px;text-align: left\" class=\"vc_custom_heading vc_custom_1461126762079\">escr\u00edbanos<\/h2><div id=\"divider-2\" class=\"mk-divider  divider_full_width center thin_solid \">\n\n\t\t\t<div class=\"divider-inner\"><\/div>\n\t\n<\/div>\n<div class=\"clearboth\"><\/div><div role=\"form\" class=\"wpcf7\" id=\"wpcf7-f87-o1\" lang=\"es-ES\" dir=\"ltr\">\n<div class=\"screen-reader-response\"><p role=\"status\" aria-live=\"polite\" aria-atomic=\"true\"><\/p> <ul><\/ul><\/div>\n<form action=\"\/es\/wp-json\/wp\/v2\/pages\/10#wpcf7-f87-o1\" method=\"post\" class=\"wpcf7-form init\" novalidate=\"novalidate\" data-status=\"init\">\n<div style=\"display: none;\">\n<input type=\"hidden\" name=\"_wpcf7\" value=\"87\" \/>\n<input type=\"hidden\" name=\"_wpcf7_version\" value=\"5.4.2\" \/>\n<input type=\"hidden\" name=\"_wpcf7_locale\" value=\"es_ES\" \/>\n<input type=\"hidden\" name=\"_wpcf7_unit_tag\" value=\"wpcf7-f87-o1\" \/>\n<input type=\"hidden\" name=\"_wpcf7_container_post\" value=\"0\" \/>\n<input type=\"hidden\" name=\"_wpcf7_posted_data_hash\" value=\"\" \/>\n<\/div>\n<p>Nombre (requerido)<br \/>\n    <span class=\"wpcf7-form-control-wrap your-name\"><input type=\"text\" name=\"your-name\" value=\"\" size=\"40\" class=\"wpcf7-form-control wpcf7-text wpcf7-validates-as-required\" aria-required=\"true\" aria-invalid=\"false\" \/><\/span> <\/p>\n<p>Correo electr\u00f3nico (requerido)<br \/>\n    <span class=\"wpcf7-form-control-wrap your-email\"><input type=\"email\" name=\"your-email\" value=\"\" size=\"40\" class=\"wpcf7-form-control wpcf7-text wpcf7-email wpcf7-validates-as-required wpcf7-validates-as-email\" aria-required=\"true\" aria-invalid=\"false\" \/><\/span> <\/p>\n<p>Asunto<br \/>\n    <span class=\"wpcf7-form-control-wrap your-subject\"><input type=\"text\" name=\"your-subject\" value=\"\" size=\"40\" class=\"wpcf7-form-control wpcf7-text\" aria-invalid=\"false\" \/><\/span> <\/p>\n<p>Mensaje<br \/>\n    <span class=\"wpcf7-form-control-wrap your-message\"><textarea name=\"your-message\" cols=\"40\" rows=\"10\" class=\"wpcf7-form-control wpcf7-textarea\" aria-invalid=\"false\"><\/textarea><\/span> <\/p>\n<p><input type=\"submit\" value=\"Enviar\" class=\"wpcf7-form-control wpcf7-submit\" \/><\/p>\n<div class=\"wpcf7-response-output\" aria-hidden=\"true\"><\/div><\/form><\/div><\/div>\n\n<div style=\"\" class=\"vc_col-sm-6 wpb_column column_container  _ height-full\">\n\t<h2 style=\"font-size: 18px;text-align: left\" class=\"vc_custom_heading vc_custom_1461126259935\">contacto ventas<\/h2><div id=\"divider-3\" class=\"mk-divider  divider_full_width center thin_solid \">\n\n\t\t\t<div class=\"divider-inner\"><\/div>\n\t\n<\/div>\n<div class=\"clearboth\"><\/div>   \n\n<div class=\"widget_contact_info mk-contactinfo-shortcode a_margin-bottom-20\" itemscope=\"itemscope\" itemtype=\"https:\/\/schema.org\/Person\" >\n\n\t\n\t<ul>\n\t\t\t\t\t<li><i class=\"mk-moon-user-7\"><\/i><span itemprop=\"name\">Bego\u00f1a Aguirre <\/span><\/li>\n\t\t\n\t\t\t\t\t<li><i class=\"mk-moon-office\"><\/i><span itemprop=\"jobTitle\">Sales Director<\/span><\/li>\n\t\t\n\t\t\n\t\t\t\t\t<li><i class=\"mk-icon-phone\"><\/i><span>56-34-2581301 \/56-34 2581223<\/span><\/li>\n\t\t\n\t\t\n\t\t\t\t\t<li><i class=\"mk-icon-envelope\"><\/i><span itemprop=\"email\"><a itemprop=\"email\" href=\"mailto:be&#103;&#111;n&#97;&#64;&#97;&#103;&#114;om&#97;r.ne&#116;\">beg&#111;&#110;&#97;&#64;agr&#111;&#109;&#97;r.&#110;e&#116;<\/a><\/span><\/li>\n\t\t\n\t\t\n\t\t\t<\/ul>\n<\/div>\n<div class=\"vc_empty_space\"  style=\"height: 32px\" ><span\n\t\tclass=\"vc_empty_space_inner\"><\/span><\/div>\n<h2 style=\"font-size: 18px;text-align: left\" class=\"vc_custom_heading vc_custom_1461126434608\">contacto planta<\/h2><div id=\"divider-4\" class=\"mk-divider  divider_full_width center thin_solid \">\n\n\t\t\t<div class=\"divider-inner\"><\/div>\n\t\n<\/div>\n<div class=\"clearboth\"><\/div>   \n\n<div class=\"widget_contact_info mk-contactinfo-shortcode a_margin-bottom-20\" itemscope=\"itemscope\" itemtype=\"https:\/\/schema.org\/Person\" >\n\n\t\n\t<ul>\n\t\t\n\t\t\t\t\t<li><i class=\"mk-moon-office\"><\/i><span itemprop=\"jobTitle\">Agromar Export<\/span><\/li>\n\t\t\n\t\t\t\t\t<li><i class=\"mk-icon-home\"><\/i><span itemprop=\"address\" itemscope=\"\" itemtype=\"http:\/\/schema.org\/PostalAddress\">Chorrillos S\/N, Santa Maria, San Felipe, Chile.<br \/>\nCasilla 40, Correo Santa Mar\u00eda, San Felipe<\/span><\/li>\n\t\t\n\t\t\t\t\t<li><i class=\"mk-icon-phone\"><\/i><span>56-34-2581301 \/56-34 2581223<\/span><\/li>\n\t\t\n\t\t\n\t\t\t\t\t<li><i class=\"mk-icon-envelope\"><\/i><span itemprop=\"email\"><a itemprop=\"email\" href=\"mailto:&#99;&#111;&#110;&#116;&#97;c&#116;o&#64;a&#103;rom&#97;r.&#110;&#101;t\">&#99;on&#116;act&#111;&#64;&#97;gr&#111;mar.ne&#116;<\/a><\/span><\/li>\n\t\t\n\t\t\t\t\t<li><i class=\"mk-icon-globe\"><\/i><span><a href=\"http:\/\/www.agromar.net\" itemprop=\"url\">www.agromar.net<\/a><\/span><\/li>\n\t\t\n\t\t\t<\/ul>\n<\/div>\n\n<div id=\"mk-button-5\" class=\"mk-button-container _ relative   mk-button--anim-side inline left  \">\n\t<a  href=\"#mapa\"  target=\"_self\" class=\"mk-button mk-button--dimension-flat mk-button--size-medium mk-button--corner-rounded text-color-light _ relative text-center font-weight-700 no-backface  letter-spacing-1 inline\">\n\t\t\t\t<i class=\"mk-button--icon mk-moon-arrow-down\"><\/i> \n\t\t<span class=\"mk-button--text\">UBICACI\u00d3N<\/span>\n\t\t\t<\/a>\n<\/div><\/div>\n<\/div>\n            <div class=\"clearboth\"><\/div>\n        <\/div>\n\n\n            \n            \n            \n        <div class=\"clearboth\"><\/div>\n    <\/div>\n<\/div>\n\n<div class=\"mk-main-wrapper-holder\">\n\t<div class=\"theme-page-wrapper no-padding full-layout mk-grid vc_row-fluid\">\n\t\t<div class=\"theme-content no-padding\">\n\n\t\t\t\n\n\n<div class=\"clearboth\"><\/div>\n\t<\/div> \t\t<\/div> \t\t\t<\/div> \n\n\t\t\t\t\n<div class=\"mk-page-section-wrapper\">\n    <div id=\"mapa\" class=\"mk-page-section self-hosted  full-width-6 js-el js-master-row   \"   data-intro-effect=\"false\">\n\n            \n            \n\n\n\n<div class=\"mk-video-color-mask\"><\/div>\n\n            \n                        \n            \n        <div class=\"page-section-content vc_row-fluid page-section-fullwidth\">\n            <div class=\"mk-padding-wrapper\">\n<div style=\"\" class=\"vc_col-sm-12 wpb_column column_container  _ height-full\">\n\t\n<div id=\"text-block-7\" class=\"mk-text-block   \">\n\n\t\n\t<p><iframe loading=\"lazy\" style=\"border: 0;\" src=\"https:\/\/www.google.com\/maps\/embed?pb=!1m18!1m12!1m3!1d3356.009972611583!2d-70.66463268481891!3d-32.73892588098348!2m3!1f0!2f0!3f0!3m2!1i1024!2i768!4f13.1!3m3!1m2!1s0x968811a4bca7c11f%3A0xe92088090bc27204!2sAgromar%20Exportaciones%20S.A.!5e0!3m2!1ses!2scl!4v1633402188929!5m2!1ses!2scl\" width=\"100%\" height=\"450\" allowfullscreen=\"allowfullscreen\"><\/iframe><\/p>\n\n\t<div class=\"clearboth\"><\/div>\n<\/div>\n<\/div>\n<\/div>\n            <div class=\"clearboth\"><\/div>\n        <\/div>\n\n\n            \n            \n            \n        <div class=\"clearboth\"><\/div>\n    <\/div>\n<\/div>\n\n<div class=\"mk-main-wrapper-holder\">\n\t<div class=\"theme-page-wrapper no-padding full-layout mk-grid vc_row-fluid\">\n\t\t<div class=\"theme-content no-padding\">\n\n\t\t\t\n\n","protected":false},"excerpt":{"rendered":"escr\u00edbanos Nombre (requerido) Correo electr\u00f3nico (requerido) Asunto Mensaje contacto ventas Bego\u00f1a Aguirre Sales Director 56-34-2581301 \/56-34 2581223 b&#101;g&#111;&#110;a&#64;agro&#109;&#97;&#114;&#46;ne&#116; contacto planta Agromar Export Chorrillos S\/N, Santa Maria, San Felipe, Chile. Casilla 40, Correo Santa Mar\u00eda, San Felipe 56-34-2581301 \/56-34 2581223 &#99;&#111;&#110;&#116;a&#99;to&#64;&#97;&#103;&#114;&#111;ma&#114;&#46;n&#101;&#116; www.agromar.net UBICACI\u00d3N","protected":false},"author":1,"featured_media":0,"parent":0,"menu_order":0,"comment_status":"closed","ping_status":"closed","template":"","meta":[],"_links":{"self":[{"href":"https:\/\/www.agromar.net\/es\/wp-json\/wp\/v2\/pages\/10"}],"collection":[{"href":"https:\/\/www.agromar.net\/es\/wp-json\/wp\/v2\/pages"}],"about":[{"href":"https:\/\/www.agromar.net\/es\/wp-json\/wp\/v2\/types\/page"}],"author":[{"embeddable":true,"href":"https:\/\/www.agromar.net\/es\/wp-json\/wp\/v2\/users\/1"}],"replies":[{"embeddable":true,"href":"https:\/\/www.agromar.net\/es\/wp-json\/wp\/v2\/comments?post=10"}],"version-history":[{"count":14,"href":"https:\/\/www.agromar.net\/es\/wp-json\/wp\/v2\/pages\/10\/revisions"}],"predecessor-version":[{"id":370,"href":"https:\/\/www.agromar.net\/es\/wp-json\/wp\/v2\/pages\/10\/revisions\/370"}],"wp:attachment":[{"href":"https:\/\/www.agromar.net\/es\/wp-json\/wp\/v2\/media?parent=10"}],"curies":[{"name":"wp","href":"https:\/\/api.w.org\/{rel}","templated":true}]}}